{"id":572,"date":"2017-03-26T09:57:55","date_gmt":"2017-03-26T09:57:55","guid":{"rendered":"https:\/\/www.iat-old.polimi.it\/?page_id=572"},"modified":"2020-04-17T15:09:18","modified_gmt":"2020-04-17T15:09:18","slug":"interviste-iat","status":"publish","type":"page","link":"https:\/\/www.iat-old.polimi.it\/en\/interviste-iat\/","title":{"rendered":"4 domande in 2 minuti ai laureati IAT@PoliMI"},"content":{"rendered":"<p>Due minuti o poco pi\u00f9 di conversazione via Skype con alcuni ingegneri per l&#8217;Ambiente e il Territorio che si sono laureati al Politecnico di Milano negli scorsi ultimi 20 anni.<\/p>\n<p>Di cosa si occupano? Quali opportunit\u00e0 sono loro offerte dalla professione? Cosa gli \u00e8 servito di pi\u00f9 di quello che hanno imparato in IAT@PoliMI? E una piccola sorpresa finale&#8230;<\/p>\n<p>Se siete studenti che devono cominciare il percorso universitario, scoprite chi \u00e8 e cosa fa un Ingegnere per l&#8217;Ambiente e il Territorio.<\/p>\n<p>Se siete Ingegneri per l&#8217;Ambiente e il Territorio laureati al Politecnico di Milano e volete dirci la vostra, scrivete a &#x77;e&#x62;&#105;a&#x74;&#64;&#x70;&#111;l&#x69;&#109;&#x69;&#46;i&#x74; e sarete contattati!<\/p>\n<hr style=\"clear: both;\" \/>\n<div class=\"iat2-3\">\n<div class=\"innerpadding\"><div class=\"arpw-random-post \"><ul class=\"arpw-ul\"><li class=\"arpw-li arpw-clearfix\"><a href=\"https:\/\/www.iat-old.polimi.it\/en\/video\/ing-marco-blazina\/\"  rel=\"bookmark\"><img loading=\"lazy\" decoding=\"async\" width=\"300\" height=\"225\" src=\"https:\/\/www.iat-old.polimi.it\/wp-content\/uploads\/2019\/07\/blazina-300x225.jpg\" class=\"arpw-thumbnail alignleft wp-post-image\" alt=\"(Italiano) Ing. Marco Blazina\" srcset=\"https:\/\/www.iat-old.polimi.it\/wp-content\/uploads\/2019\/07\/blazina-300x225.jpg 300w, https:\/\/www.iat-old.polimi.it\/wp-content\/uploads\/2019\/07\/blazina.jpg 480w\" sizes=\"auto, (max-width: 300px) 100vw, 300px\" \/><\/a><a class=\"arpw-title\" href=\"https:\/\/www.iat-old.polimi.it\/en\/video\/ing-marco-blazina\/\" rel=\"bookmark\">(Italiano) Ing. Marco Blazina<\/a><div class=\"arpw-summary\">(Italiano) Laureato in IAT presso la sede di Milano nel 2006 seguendo il percorso in Tecnologie di risanamento ambientale Attualmente Marco \u00e8 Responsabile di impianto presso MM spa, gestore del servizio idrico integrato per conto del comune di Milano<\/div><\/li><li class=\"arpw-li arpw-clearfix\"><a href=\"https:\/\/www.iat-old.polimi.it\/en\/video\/ing-claudio-meroni\/\"  rel=\"bookmark\"><img loading=\"lazy\" decoding=\"async\" width=\"300\" height=\"225\" src=\"https:\/\/www.iat-old.polimi.it\/wp-content\/uploads\/2019\/07\/meroni-300x225.jpg\" class=\"arpw-thumbnail alignleft wp-post-image\" alt=\"(Italiano) Ing. Claudio Meroni\" srcset=\"https:\/\/www.iat-old.polimi.it\/wp-content\/uploads\/2019\/07\/meroni-300x225.jpg 300w, https:\/\/www.iat-old.polimi.it\/wp-content\/uploads\/2019\/07\/meroni.jpg 480w\" sizes=\"auto, (max-width: 300px) 100vw, 300px\" \/><\/a><a class=\"arpw-title\" href=\"https:\/\/www.iat-old.polimi.it\/en\/video\/ing-claudio-meroni\/\" rel=\"bookmark\">(Italiano) Ing. Claudio Meroni<\/a><div class=\"arpw-summary\">(Italiano) Laureato in IAT presso la sede di Milano nel 2009 seguendo il percorso in Pianificazione e gestione delle risorse naturali Attualmente Claudio \u00e8 responsabile di progetti per la societa` di Ingegneria TIEMES di Milano<\/div><\/li><li class=\"arpw-li arpw-clearfix\"><a href=\"https:\/\/www.iat-old.polimi.it\/en\/video\/ing-simona-piubellini\/\"  rel=\"bookmark\"><img loading=\"lazy\" decoding=\"async\" width=\"300\" height=\"225\" src=\"https:\/\/www.iat-old.polimi.it\/wp-content\/uploads\/2019\/07\/piubellini-300x225.jpg\" class=\"arpw-thumbnail alignleft wp-post-image\" alt=\"(Italiano) Ing. Simona Piubellini\" srcset=\"https:\/\/www.iat-old.polimi.it\/wp-content\/uploads\/2019\/07\/piubellini-300x225.jpg 300w, https:\/\/www.iat-old.polimi.it\/wp-content\/uploads\/2019\/07\/piubellini.jpg 480w\" sizes=\"auto, (max-width: 300px) 100vw, 300px\" \/><\/a><a class=\"arpw-title\" href=\"https:\/\/www.iat-old.polimi.it\/en\/video\/ing-simona-piubellini\/\" rel=\"bookmark\">(Italiano) Ing. Simona Piubellini<\/a><div class=\"arpw-summary\">(Italiano) Laureata triennale in IAT presso la sede di Como e laurea magistrale presso la sede di Milano del Politecnico nel 1998 seguendo il percorso in Pianificazione e Gestione delle Risorse Naturali Attualmente Simona \u00e8 Vice direttore della sede di Lugano dello studio CSD (Ingegnosi per Natura)<\/div><\/li><li class=\"arpw-li arpw-clearfix\"><a href=\"https:\/\/www.iat-old.polimi.it\/en\/video\/ing-luigi-longhi\/\"  rel=\"bookmark\"><img loading=\"lazy\" decoding=\"async\" width=\"300\" height=\"225\" src=\"https:\/\/www.iat-old.polimi.it\/wp-content\/uploads\/2019\/07\/longhi-300x225.jpg\" class=\"arpw-thumbnail alignleft wp-post-image\" alt=\"(Italiano) Ing. Luigi Longhi\" srcset=\"https:\/\/www.iat-old.polimi.it\/wp-content\/uploads\/2019\/07\/longhi-300x225.jpg 300w, https:\/\/www.iat-old.polimi.it\/wp-content\/uploads\/2019\/07\/longhi.jpg 480w\" sizes=\"auto, (max-width: 300px) 100vw, 300px\" \/><\/a><a class=\"arpw-title\" href=\"https:\/\/www.iat-old.polimi.it\/en\/video\/ing-luigi-longhi\/\" rel=\"bookmark\">(Italiano) Ing. Luigi Longhi<\/a><div class=\"arpw-summary\">(Italiano) Laureato in IAT presso la sede di Milano nel 1995 seguendo il percorso in Tecnologie di risanamento ambientale Attualmente Luigi \u00e8 Direttore della Azienda Servizi Integrati Lambro SpA<\/div><\/li><li class=\"arpw-li arpw-clearfix\"><a href=\"https:\/\/www.iat-old.polimi.it\/en\/video\/ing-davide-gardoni\/\"  rel=\"bookmark\"><img loading=\"lazy\" decoding=\"async\" width=\"300\" height=\"225\" src=\"https:\/\/www.iat-old.polimi.it\/wp-content\/uploads\/2019\/07\/gardoni-300x225.jpg\" class=\"arpw-thumbnail alignleft wp-post-image\" alt=\"(Italiano) Ing. Davide Gardoni\" srcset=\"https:\/\/www.iat-old.polimi.it\/wp-content\/uploads\/2019\/07\/gardoni-300x225.jpg 300w, https:\/\/www.iat-old.polimi.it\/wp-content\/uploads\/2019\/07\/gardoni.jpg 480w\" sizes=\"auto, (max-width: 300px) 100vw, 300px\" \/><\/a><a class=\"arpw-title\" href=\"https:\/\/www.iat-old.polimi.it\/en\/video\/ing-davide-gardoni\/\" rel=\"bookmark\">(Italiano) Ing. Davide Gardoni<\/a><div class=\"arpw-summary\">(Italiano) Laureato in IAT presso la sede di Milano nel 2006 seguendo il percorso in Tecnologie di Risanamento Ambientale Attualmente Davide \u00e8 ingegnere di processo presso EMIT Group<\/div><\/li><li class=\"arpw-li arpw-clearfix\"><a href=\"https:\/\/www.iat-old.polimi.it\/en\/video\/ing-elena-stopelli-2\/\"  rel=\"bookmark\"><img loading=\"lazy\" decoding=\"async\" width=\"300\" height=\"250\" src=\"https:\/\/www.iat-old.polimi.it\/wp-content\/uploads\/2020\/04\/ing-elena-stopelli-300x250.png\" class=\"arpw-thumbnail alignleft wp-post-image\" alt=\"(Italiano) Ing. Elena Stopelli\" srcset=\"https:\/\/www.iat-old.polimi.it\/wp-content\/uploads\/2020\/04\/ing-elena-stopelli-300x250.png 300w, https:\/\/www.iat-old.polimi.it\/wp-content\/uploads\/2020\/04\/ing-elena-stopelli.png 319w\" sizes=\"auto, (max-width: 300px) 100vw, 300px\" \/><\/a><a class=\"arpw-title\" href=\"https:\/\/www.iat-old.polimi.it\/en\/video\/ing-elena-stopelli-2\/\" rel=\"bookmark\">(Italiano) Ing. Elena Stopelli<\/a><div class=\"arpw-summary\">Laureata in IAT presso la sede di Milano nel 2014 seguendo il percorso in Difesa del suolo e prevenzione dei rischi naturali. Attualmente Ada \u00e8 progettista presso la Hunzinker Betatech SA a Berna (CH)<\/div><\/li><li class=\"arpw-li arpw-clearfix\"><a href=\"https:\/\/www.iat-old.polimi.it\/en\/video\/ing-paolo-foa\/\"  rel=\"bookmark\"><img loading=\"lazy\" decoding=\"async\" width=\"300\" height=\"225\" src=\"https:\/\/www.iat-old.polimi.it\/wp-content\/uploads\/2019\/07\/foa-300x225.jpg\" class=\"arpw-thumbnail alignleft wp-post-image\" alt=\"(Italiano) Ing. Paolo Foa\" srcset=\"https:\/\/www.iat-old.polimi.it\/wp-content\/uploads\/2019\/07\/foa-300x225.jpg 300w, https:\/\/www.iat-old.polimi.it\/wp-content\/uploads\/2019\/07\/foa.jpg 480w\" sizes=\"auto, (max-width: 300px) 100vw, 300px\" \/><\/a><a class=\"arpw-title\" href=\"https:\/\/www.iat-old.polimi.it\/en\/video\/ing-paolo-foa\/\" rel=\"bookmark\">(Italiano) Ing. Paolo Foa<\/a><div class=\"arpw-summary\">(Italiano) Laureato in IAT presso la sede di Milano nel 2009 seguendo il percorso in Tecnologie di risanamento ambientale Attualmente Paolo \u00e8 responsabile di settore e capo progetto presso lo studio di ingegneria TBF+Partner AG che progetta infrastrutture ambientali.<\/div><\/li><li class=\"arpw-li arpw-clearfix\"><a href=\"https:\/\/www.iat-old.polimi.it\/en\/video\/ing-roberto-raccanelli\/\"  rel=\"bookmark\"><img loading=\"lazy\" decoding=\"async\" width=\"300\" height=\"225\" src=\"https:\/\/www.iat-old.polimi.it\/wp-content\/uploads\/2019\/07\/raccanelli-300x225.jpg\" class=\"arpw-thumbnail alignleft wp-post-image\" alt=\"(Italiano) Ing. Roberto Raccanelli\" srcset=\"https:\/\/www.iat-old.polimi.it\/wp-content\/uploads\/2019\/07\/raccanelli-300x225.jpg 300w, https:\/\/www.iat-old.polimi.it\/wp-content\/uploads\/2019\/07\/raccanelli.jpg 480w\" sizes=\"auto, (max-width: 300px) 100vw, 300px\" \/><\/a><a class=\"arpw-title\" href=\"https:\/\/www.iat-old.polimi.it\/en\/video\/ing-roberto-raccanelli\/\" rel=\"bookmark\">(Italiano) Ing. Roberto Raccanelli<\/a><div class=\"arpw-summary\">(Italiano) Laureato in IAT presso la sede di Milano nel 2005 seguendo il percorso in Pianificazione e Gestione delle Risorse Naturali Attualmente Roberto \u00e8 Senior Manager in EY \u2013 team Climate Change and Sustainability Services<\/div><\/li><li class=\"arpw-li arpw-clearfix\"><a href=\"https:\/\/www.iat-old.polimi.it\/en\/video\/english-ing-luca-pedrazzi\/\"  rel=\"bookmark\"><img loading=\"lazy\" decoding=\"async\" width=\"300\" height=\"225\" src=\"https:\/\/www.iat-old.polimi.it\/wp-content\/uploads\/2019\/07\/pedrazzi-300x225.jpg\" class=\"arpw-thumbnail alignleft wp-post-image\" alt=\"Ing. Luca Pedrazzi\" srcset=\"https:\/\/www.iat-old.polimi.it\/wp-content\/uploads\/2019\/07\/pedrazzi-300x225.jpg 300w, https:\/\/www.iat-old.polimi.it\/wp-content\/uploads\/2019\/07\/pedrazzi.jpg 480w\" sizes=\"auto, (max-width: 300px) 100vw, 300px\" \/><\/a><a class=\"arpw-title\" href=\"https:\/\/www.iat-old.polimi.it\/en\/video\/english-ing-luca-pedrazzi\/\" rel=\"bookmark\">Ing. Luca Pedrazzi<\/a><div class=\"arpw-summary\">Laureato in IAT presso la sede di Milano nel 1997 seguendo il percorso in Tecnologie di risanamento ambientale Attualmente Luca \u00e8 Vice direttore tecnico per la SUEZ (gi\u00e0 Degr\u00e9mont)<\/div><\/li><li class=\"arpw-li arpw-clearfix\"><a href=\"https:\/\/www.iat-old.polimi.it\/en\/video\/ing-alessandro-de-carli\/\"  rel=\"bookmark\"><img loading=\"lazy\" decoding=\"async\" width=\"300\" height=\"225\" src=\"https:\/\/www.iat-old.polimi.it\/wp-content\/uploads\/2019\/07\/decarli-300x225.jpg\" class=\"arpw-thumbnail alignleft wp-post-image\" alt=\"(Italiano) Ing. Alessandro De Carli\" srcset=\"https:\/\/www.iat-old.polimi.it\/wp-content\/uploads\/2019\/07\/decarli-300x225.jpg 300w, https:\/\/www.iat-old.polimi.it\/wp-content\/uploads\/2019\/07\/decarli.jpg 480w\" sizes=\"auto, (max-width: 300px) 100vw, 300px\" \/><\/a><a class=\"arpw-title\" href=\"https:\/\/www.iat-old.polimi.it\/en\/video\/ing-alessandro-de-carli\/\" rel=\"bookmark\">(Italiano) Ing. Alessandro De Carli<\/a><div class=\"arpw-summary\">(Italiano) Laureato in IAT presso la sede di Milano nel 1999 seguendo il percorso in Monitoraggio e diagnostica ambientale Attualmente Alessandro lavora come libero professionista ed e\u2019 direttore della Fondazione AquaLAB<\/div><\/li><li class=\"arpw-li arpw-clearfix\"><a href=\"https:\/\/www.iat-old.polimi.it\/en\/video\/ing-ada-consolo-2\/\"  rel=\"bookmark\"><img loading=\"lazy\" decoding=\"async\" width=\"297\" height=\"264\" src=\"https:\/\/www.iat-old.polimi.it\/wp-content\/uploads\/2020\/04\/ing-ada-consolo.png\" class=\"arpw-thumbnail alignleft wp-post-image\" alt=\"Ing. Ada Consolo\" \/><\/a><a class=\"arpw-title\" href=\"https:\/\/www.iat-old.polimi.it\/en\/video\/ing-ada-consolo-2\/\" rel=\"bookmark\">Ing. Ada Consolo<\/a><div class=\"arpw-summary\">Laureata in IAT presso la sede di Milano nel 2014 seguendo il percorso in Difesa del suolo e prevenzione dei rischi naturali. Attualmente Ada \u00e8 progettista presso la Hunzinker Betatech SA a Berna (CH)<\/div><\/li><li class=\"arpw-li arpw-clearfix\"><a href=\"https:\/\/www.iat-old.polimi.it\/en\/video\/ing-stefano-iorda\/\"  rel=\"bookmark\"><img loading=\"lazy\" decoding=\"async\" width=\"300\" height=\"225\" src=\"https:\/\/www.iat-old.polimi.it\/wp-content\/uploads\/2019\/07\/iorda-300x225.jpg\" class=\"arpw-thumbnail alignleft wp-post-image\" alt=\"(Italiano) Ing. Stefano Iorda\" srcset=\"https:\/\/www.iat-old.polimi.it\/wp-content\/uploads\/2019\/07\/iorda-300x225.jpg 300w, https:\/\/www.iat-old.polimi.it\/wp-content\/uploads\/2019\/07\/iorda.jpg 480w\" sizes=\"auto, (max-width: 300px) 100vw, 300px\" \/><\/a><a class=\"arpw-title\" href=\"https:\/\/www.iat-old.polimi.it\/en\/video\/ing-stefano-iorda\/\" rel=\"bookmark\">(Italiano) Ing. Stefano Iorda<\/a><div class=\"arpw-summary\">(Italiano) Laureato in IAT presso la sede di Milano nel 2009 seguendo il percorso in Difesa del suolo e prevenzione dei rischi naturali Attualmente Stefano \u00e8 sales Manager presso la societ\u00e0 HydroEnergia<\/div><\/li><li class=\"arpw-li arpw-clearfix\"><a href=\"https:\/\/www.iat-old.polimi.it\/en\/video\/ing-eleonora-messali\/\"  rel=\"bookmark\"><img loading=\"lazy\" decoding=\"async\" width=\"300\" height=\"225\" src=\"https:\/\/www.iat-old.polimi.it\/wp-content\/uploads\/2019\/07\/messali-300x225.jpg\" class=\"arpw-thumbnail alignleft wp-post-image\" alt=\"(Italiano) Ing. Eleonora Messali\" srcset=\"https:\/\/www.iat-old.polimi.it\/wp-content\/uploads\/2019\/07\/messali-300x225.jpg 300w, https:\/\/www.iat-old.polimi.it\/wp-content\/uploads\/2019\/07\/messali.jpg 480w\" sizes=\"auto, (max-width: 300px) 100vw, 300px\" \/><\/a><a class=\"arpw-title\" href=\"https:\/\/www.iat-old.polimi.it\/en\/video\/ing-eleonora-messali\/\" rel=\"bookmark\">(Italiano) Ing. Eleonora Messali<\/a><div class=\"arpw-summary\">(Italiano) Laureata in IAT presso la sede di Milano nel 2009 seguendo il percorso in Pianificazione e gestione delle risorse naturali Attualmente Eleonora \u00e8 Health, Safety and Environment Project Manager per la multinazionale Hempel, a Copenaghen<\/div><\/li><li class=\"arpw-li arpw-clearfix\"><a href=\"https:\/\/www.iat-old.polimi.it\/en\/video\/ing-sara-arosio\/\"  rel=\"bookmark\"><img loading=\"lazy\" decoding=\"async\" width=\"300\" height=\"225\" src=\"https:\/\/www.iat-old.polimi.it\/wp-content\/uploads\/2019\/07\/arosio-300x225.jpg\" class=\"arpw-thumbnail alignleft wp-post-image\" alt=\"(Italiano) Ing. Sara Arosio\" srcset=\"https:\/\/www.iat-old.polimi.it\/wp-content\/uploads\/2019\/07\/arosio-300x225.jpg 300w, https:\/\/www.iat-old.polimi.it\/wp-content\/uploads\/2019\/07\/arosio.jpg 480w\" sizes=\"auto, (max-width: 300px) 100vw, 300px\" \/><\/a><a class=\"arpw-title\" href=\"https:\/\/www.iat-old.polimi.it\/en\/video\/ing-sara-arosio\/\" rel=\"bookmark\">(Italiano) Ing. Sara Arosio<\/a><div class=\"arpw-summary\">(Italiano) Laureata in IAT presso la sede di Milano nel 2010 seguendo il percorso in Pianificazione e Gestione delle Risorse Naturali Attualmente Sara \u00e8 socio amministratore dello Studio Associato Tetris Consulting, Auditor Sistemi di Gestione Ambientale<\/div><\/li><li class=\"arpw-li arpw-clearfix\"><a href=\"https:\/\/www.iat-old.polimi.it\/en\/video\/ing-andrea-ventimiglia\/\"  rel=\"bookmark\"><img loading=\"lazy\" decoding=\"async\" width=\"300\" height=\"225\" src=\"https:\/\/www.iat-old.polimi.it\/wp-content\/uploads\/2019\/07\/ventimiglia-300x225.jpg\" class=\"arpw-thumbnail alignleft wp-post-image\" alt=\"(Italiano) Ing. Andrea Ventimiglia\" srcset=\"https:\/\/www.iat-old.polimi.it\/wp-content\/uploads\/2019\/07\/ventimiglia-300x225.jpg 300w, https:\/\/www.iat-old.polimi.it\/wp-content\/uploads\/2019\/07\/ventimiglia.jpg 480w\" sizes=\"auto, (max-width: 300px) 100vw, 300px\" \/><\/a><a class=\"arpw-title\" href=\"https:\/\/www.iat-old.polimi.it\/en\/video\/ing-andrea-ventimiglia\/\" rel=\"bookmark\">(Italiano) Ing. Andrea Ventimiglia<\/a><div class=\"arpw-summary\">(Italiano) Laureato in IAT presso la sede di Milano nel 2009 seguendo il percorso in Monitoraggio e diagnostica ambientale Attualmente Andrea lavora presso lo Studio Associato di Ingegneria Lucchini & Lippuner a Lugano<\/div><\/li><\/ul><\/div><!-- Generated by https:\/\/wordpress.org\/plugins\/advanced-random-posts-widget\/ --><\/div>\n<\/div>\n<p><\/p>","protected":false},"excerpt":{"rendered":"<p>Due minuti o poco pi\u00f9 di conversazione via Skype con alcuni ingegneri per l&#8217;Ambiente e il Territorio che si sono laureati al Politecnico di Milano negli scorsi ultimi 20 anni. Di cosa si occupano? Quali opportunit\u00e0 sono loro offerte dalla professione? Cosa gli \u00e8 servito di pi\u00f9 di quello che hanno imparato in IAT@PoliMI? E [&hellip;]<\/p>\n","protected":false},"author":3,"featured_media":0,"parent":0,"menu_order":0,"comment_status":"closed","ping_status":"closed","template":"","meta":{"footnotes":""},"class_list":["post-572","page","type-page","status-publish","hentry"],"_links":{"self":[{"href":"https:\/\/www.iat-old.polimi.it\/en\/wp-json\/wp\/v2\/pages\/572","targetHints":{"allow":["GET"]}}],"collection":[{"href":"https:\/\/www.iat-old.polimi.it\/en\/wp-json\/wp\/v2\/pages"}],"about":[{"href":"https:\/\/www.iat-old.polimi.it\/en\/wp-json\/wp\/v2\/types\/page"}],"author":[{"embeddable":true,"href":"https:\/\/www.iat-old.polimi.it\/en\/wp-json\/wp\/v2\/users\/3"}],"replies":[{"embeddable":true,"href":"https:\/\/www.iat-old.polimi.it\/en\/wp-json\/wp\/v2\/comments?post=572"}],"version-history":[{"count":14,"href":"https:\/\/www.iat-old.polimi.it\/en\/wp-json\/wp\/v2\/pages\/572\/revisions"}],"predecessor-version":[{"id":4963,"href":"https:\/\/www.iat-old.polimi.it\/en\/wp-json\/wp\/v2\/pages\/572\/revisions\/4963"}],"wp:attachment":[{"href":"https:\/\/www.iat-old.polimi.it\/en\/wp-json\/wp\/v2\/media?parent=572"}],"curies":[{"name":"wp","href":"https:\/\/api.w.org\/{rel}","templated":true}]}}