{"id":384,"date":"2016-02-14T16:41:51","date_gmt":"2016-02-14T16:41:51","guid":{"rendered":"https:\/\/www.iat-old.polimi.it\/?page_id=384"},"modified":"2018-10-27T20:20:59","modified_gmt":"2018-10-27T20:20:59","slug":"pianificazione-e-gestione-delle-risorse-naturali","status":"publish","type":"page","link":"https:\/\/www.iat-old.polimi.it\/en\/percorsi\/pianificazione-e-gestione-delle-risorse-naturali\/","title":{"rendered":"Natural Resources Planning and Management"},"content":{"rendered":"<p>The training course &#8220;Planning and management of natural resources&#8221; is aimed at acquiring the professional skills of the environmental engineer required in the areas of management of complex environmental systems and construction and use of information systems of the services and the territory for the planning of resources at different scales of intervention space.<\/p>\n<p><a href=\"https:\/\/www.iat-old.polimi.it\/wp-content\/uploads\/2016\/02\/P01.jpg\" rel=\"attachment wp-att-493\"><img loading=\"lazy\" decoding=\"async\" class=\"alignnone size-full wp-image-493\" src=\"https:\/\/www.iat-old.polimi.it\/wp-content\/uploads\/2016\/02\/P01.jpg\" alt=\"P01\" width=\"946\" height=\"620\" srcset=\"https:\/\/www.iat-old.polimi.it\/wp-content\/uploads\/2016\/02\/P01.jpg 946w, https:\/\/www.iat-old.polimi.it\/wp-content\/uploads\/2016\/02\/P01-300x197.jpg 300w, https:\/\/www.iat-old.polimi.it\/wp-content\/uploads\/2016\/02\/P01-768x503.jpg 768w\" sizes=\"auto, (max-width: 946px) 100vw, 946px\" \/><\/a><\/p>\n<p>The intrinsic complexity that characterizes the various paths of interaction between man and the environment and their evolutionary dynamics represents an important element of knowledge in the formulation of strategies for the governance of resources for adequate sustainability in their use. The problems involve systems that invest spatial extensions between the global planetary one, affected for example by the phenomena of climate change and the environmental accumulation of various persistent and potentially harmful substances, to alterations typically present at the local microscale, such as the quality of work environments or the interior of homes.<\/p>\n<p><a href=\"https:\/\/www.iat-old.polimi.it\/wp-content\/uploads\/2016\/02\/P02.jpg\" rel=\"attachment wp-att-488\"><img loading=\"lazy\" decoding=\"async\" class=\"alignnone size-full wp-image-488\" src=\"https:\/\/www.iat-old.polimi.it\/wp-content\/uploads\/2016\/02\/P02.jpg\" alt=\"P02\" width=\"800\" height=\"600\" srcset=\"https:\/\/www.iat-old.polimi.it\/wp-content\/uploads\/2016\/02\/P02.jpg 800w, https:\/\/www.iat-old.polimi.it\/wp-content\/uploads\/2016\/02\/P02-300x225.jpg 300w, https:\/\/www.iat-old.polimi.it\/wp-content\/uploads\/2016\/02\/P02-768x576.jpg 768w\" sizes=\"auto, (max-width: 800px) 100vw, 800px\" \/><\/a><\/p>\n<p>Analoghe ed ancor pi\u00f9 pressanti esigenze conoscitive interessano situazioni di stretta attualit\u00e0 e di notevole interesse strategico, legate alle possibilit\u00e0 di sfruttamento e di utilizzo ottimale delle risorse rinnovabili per la produzione di beni e di energia nel contesto delle buone politiche di sostenibilit\u00e0 ambientale, oltre che sociale ed economica. Le azioni di riduzione e recupero dei residui civili ed industriali, nell\u2019ottica della cosiddetta economia circolare, e le fonti energetiche alternative ne costituiscono esempi ben noti al riguardo.<\/p>\n<p><a href=\"https:\/\/www.iat-old.polimi.it\/wp-content\/uploads\/2016\/02\/P03.jpg\" rel=\"attachment wp-att-486\"><img loading=\"lazy\" decoding=\"async\" class=\"alignnone size-full wp-image-486\" src=\"https:\/\/www.iat-old.polimi.it\/wp-content\/uploads\/2016\/02\/P03.jpg\" alt=\"P03\" width=\"1920\" height=\"1200\" srcset=\"https:\/\/www.iat-old.polimi.it\/wp-content\/uploads\/2016\/02\/P03.jpg 1920w, https:\/\/www.iat-old.polimi.it\/wp-content\/uploads\/2016\/02\/P03-300x188.jpg 300w, https:\/\/www.iat-old.polimi.it\/wp-content\/uploads\/2016\/02\/P03-768x480.jpg 768w, https:\/\/www.iat-old.polimi.it\/wp-content\/uploads\/2016\/02\/P03-1024x640.jpg 1024w\" sizes=\"auto, (max-width: 1920px) 100vw, 1920px\" \/><\/a><\/p>\n<p>The correct management of the environment implies the need to adopt adequate systemic approaches, able to formulate and\/or use descriptive tools of the characteristics and effects of the interactions between human activities and resources and their possible evolution. All of this is oriented not only to planning requirements, but also to the identification, definition and evaluation of the role of technical and engineering interventions of various kinds.<br \/>\nThe educational path proposed in the field of planning and resource management provides the basic knowledge required to build and\/or use the required evaluation systems and apply advanced modeling and simulation tools. The training is supported by a set of specialized disciplines that allow you to integrate into the systems the set of knowledge tools to extend the assessments to individual contexts of interest:<\/p>\n<p>&nbsp;<\/p>\n<ul>\n<li>formulation and management of territorial plans for coordination, viability and transport, allocation of services, environmental recovery and urban planning;<\/li>\n<li>elaboration of strategies for the rational management and planning of sustainable development of natural resources, ecosystems, territory and infrastructures;<\/li>\n<li>analysis and simulation of the ecological, social and economic impact of major works and plans, projects and laws on the environment and on the territory with modern information processing systems;<\/li>\n<li>territorial informatics and mathematical modelling for the prediction of environmental phenomena;<br \/>\nassessment of the impact on the environment of major works, regulatory plans and new regulations.<\/li>\n<\/ul>\n<p>&nbsp;<\/p>\n<p><a href=\"https:\/\/www.iat-old.polimi.it\/wp-content\/uploads\/2016\/02\/P04.jpg\" rel=\"attachment wp-att-487\"><img loading=\"lazy\" decoding=\"async\" class=\"alignnone size-full wp-image-487\" src=\"https:\/\/www.iat-old.polimi.it\/wp-content\/uploads\/2016\/02\/P04.jpg\" alt=\"P04\" width=\"416\" height=\"540\" srcset=\"https:\/\/www.iat-old.polimi.it\/wp-content\/uploads\/2016\/02\/P04.jpg 416w, https:\/\/www.iat-old.polimi.it\/wp-content\/uploads\/2016\/02\/P04-231x300.jpg 231w\" sizes=\"auto, (max-width: 416px) 100vw, 416px\" \/><\/a><\/p>\n<p><strong>The training curriculum of the proposed course configures potential placements in different professional sectors:<\/strong><\/p>\n<ul>\n<li>public bodies and services for environmental protection, civil protection, territorial protection and assessment of the environmental compatibility of plans and works;<\/li>\n<li>authorities and agencies for planning and control of the territory and environmental resources;<\/li>\n<li>engineering companies, professional firms and companies providing territorial and environmental services;<\/li>\n<li>public bodies and services for monitoring, controlling and protecting the environment and the territory and for<\/li>\n<li>assessing the environmental compatibility of plans and works;<\/li>\n<li>environmental and\/or territorial division of large companies and energy companies;<br \/>\nuniversities, public and private research institutes and bodies.<\/li>\n<\/ul>\n<p><\/p>","protected":false},"excerpt":{"rendered":"<p>The training course &#8220;Planning and management of natural resources&#8221; is aimed at acquiring the professional skills of the environmental engineer required in the areas of management of complex environmental systems and construction and use of information systems of the services and the territory for the planning of resources at different scales of intervention space. The [&hellip;]<\/p>\n","protected":false},"author":2,"featured_media":0,"parent":378,"menu_order":0,"comment_status":"closed","ping_status":"closed","template":"","meta":{"footnotes":""},"class_list":["post-384","page","type-page","status-publish","hentry"],"_links":{"self":[{"href":"https:\/\/www.iat-old.polimi.it\/en\/wp-json\/wp\/v2\/pages\/384","targetHints":{"allow":["GET"]}}],"collection":[{"href":"https:\/\/www.iat-old.polimi.it\/en\/wp-json\/wp\/v2\/pages"}],"about":[{"href":"https:\/\/www.iat-old.polimi.it\/en\/wp-json\/wp\/v2\/types\/page"}],"author":[{"embeddable":true,"href":"https:\/\/www.iat-old.polimi.it\/en\/wp-json\/wp\/v2\/users\/2"}],"replies":[{"embeddable":true,"href":"https:\/\/www.iat-old.polimi.it\/en\/wp-json\/wp\/v2\/comments?post=384"}],"version-history":[{"count":5,"href":"https:\/\/www.iat-old.polimi.it\/en\/wp-json\/wp\/v2\/pages\/384\/revisions"}],"predecessor-version":[{"id":810,"href":"https:\/\/www.iat-old.polimi.it\/en\/wp-json\/wp\/v2\/pages\/384\/revisions\/810"}],"up":[{"embeddable":true,"href":"https:\/\/www.iat-old.polimi.it\/en\/wp-json\/wp\/v2\/pages\/378"}],"wp:attachment":[{"href":"https:\/\/www.iat-old.polimi.it\/en\/wp-json\/wp\/v2\/media?parent=384"}],"curies":[{"name":"wp","href":"https:\/\/api.w.org\/{rel}","templated":true}]}}